{"id":6876,"date":"2020-07-09T21:50:37","date_gmt":"2020-07-09T21:50:37","guid":{"rendered":"https:\/\/egap.org\/?page_id=6876"},"modified":"2020-07-09T22:31:10","modified_gmt":"2020-07-09T22:31:10","slug":"ronda-i-informacion-y-rendicion-de-cuentas","status":"publish","type":"page","link":"https:\/\/egap.org\/es\/our-work\/the-metaketa-initiative\/ronda-i-informacion-y-rendicion-de-cuentas\/","title":{"rendered":"Ronda I: Informaci\u00f3n y Rendici\u00f3n de Cuentas"},"content":{"rendered":"<section class=\"c-section o-wrapper-padding\">\n  \n<section class=\"c-section__column\">\n  \n\n\n<\/section>\n\n\n<section class=\"c-section__columns\">\n  \n\n<div class=\"wp-block-column is-layout-flow wp-block-column-is-layout-flow\"><h1 class=\"c-page-title is-style-smaller o-h2\">\n  Ronda I: Informaci\u00f3n y Rendici\u00f3n de Cuentas\n<\/h1>\n\n\n<\/div>\n\n\n\n<div class=\"wp-block-column is-vertically-aligned-bottom is-layout-flow wp-block-column-is-layout-flow\">\n<div style=\"height:20px\" aria-hidden=\"true\" class=\"wp-block-spacer has-hide-on-xlarge has-hide-on-small\"><\/div>\n\n\n<div class=\"c-submenu u-no-scroll-bar  has-hide-on-small\">\n  <div class=\"c-submenu__items\">\n    \n<a class=\"c-submenu__item\" href=\"#Visi\u00f3n-de-Conjunto\" target=\"\" rel=\"\">\n  Visi\u00f3n de Conjunto\n<\/a>\n\n\n<a class=\"c-submenu__item\" href=\"#Proyectos\" target=\"\" rel=\"\">\n  Proyectos\n<\/a>\n\n\n\n\n  <\/div>\n<\/div>\n\n\n<\/div>\n\n\n<\/section>\n\n\n<section class=\"c-section__column\">\n  \n\n<div style=\"height:60px\" aria-hidden=\"true\" class=\"wp-block-spacer\"><\/div>\n\n\n\n\n<\/section>\n\n\n<section class=\"c-section__columns\">\n  \n\n<div class=\"wp-block-column is-layout-flow wp-block-column-is-layout-flow\"><div class=\"o-anchor\" aria-hidden=\"true\">\n  <div class=\"o-anchor__link\" id=\"Visi\u00f3n-de-Conjunto\"><\/div>\n<\/div>\n\n<h4 class=\"wp-block-heading\" >Visi\u00f3n de Conjunto<\/h4>\n\n\n<div class=\"c-submenu u-no-scroll-bar is-style-vertical o-generic-links c-submenu--many\">\n  <div class=\"c-submenu__items\">\n    \n<a class=\"c-submenu__item\" href=\"https:\/\/osf.io\/dfwq5\" target=\"_blank\" rel=\"noreferrer noopener\">\n  Plan de Pre-An\u00e1lisis del Meta-An\u00e1lisis\n<\/a>\n\n\n<a class=\"c-submenu__item\" href=\"https:\/\/osf.io\/2bwsy\" target=\"_blank\" rel=\"noreferrer noopener\">\n  Plan de Pre-An\u00e1lisis Benin\n<\/a>\n\n\n<a class=\"c-submenu__item\" href=\"https:\/\/osf.io\/s7bfe\" target=\"_blank\" rel=\"noreferrer noopener\">\n  Plan de Pre-An\u00e1lisis Brasil\n<\/a>\n\n\n<a class=\"c-submenu__item\" href=\"https:\/\/osf.io\/27nhc\" target=\"_blank\" rel=\"noreferrer noopener\">\n  Plan de Pre-An\u00e1lisis Burkina Faso\n<\/a>\n\n\n<a class=\"c-submenu__item\" href=\"https:\/\/osf.io\/9b2mh\" target=\"_blank\" rel=\"noreferrer noopener\">\n  Plan de Pre-An\u00e1lisis India\n<\/a>\n\n\n<a class=\"c-submenu__item\" href=\"https:\/\/osf.io\/yjue9\" target=\"_blank\" rel=\"noreferrer noopener\">\n  Plan de Pre-An\u00e1lisis Mexico\n<\/a>\n\n\n<a class=\"c-submenu__item\" href=\"https:\/\/osf.io\/6sjrf\" target=\"_blank\" rel=\"noreferrer noopener\">\n  Plan de Pre-An\u00e1lisis Uganda I\n<\/a>\n\n\n<a class=\"c-submenu__item\" href=\"https:\/\/osf.io\/hbznt\" target=\"_blank\" rel=\"noreferrer noopener\">\n  Plan de Pre-An\u00e1lisis Uganda II\n<\/a>\n\n\n  <\/div>\n<\/div>\n\n\n\n<div style=\"height:665px\" aria-hidden=\"true\" class=\"wp-block-spacer\"><\/div>\n\n\n\n<h4 class=\"wp-block-heading\">Proyectos<\/h4>\n<\/div>\n\n\n\n<div class=\"wp-block-column is-layout-flow wp-block-column-is-layout-flow\">\n<p class=\"o-generic-links\"><strong>Organizaciones de la sociedad civil enfatizan en la necesidad de tener informaci\u00f3n p\u00fablica de alta calidad sobre el desempe\u00f1o de los pol\u00edticos.<\/strong><\/p>\n\n\n\n<figure class=\"wp-block-image size-large\"><img loading=\"lazy\" decoding=\"async\" width=\"1214\" height=\"628\" src=\"https:\/\/egap.org\/wp-content\/uploads\/2020\/02\/pic-map-1.png\" alt=\"\" class=\"wp-image-71\" srcset=\"https:\/\/egap.org\/wp-content\/uploads\/2020\/02\/pic-map-1.png 1214w, https:\/\/egap.org\/wp-content\/uploads\/2020\/02\/pic-map-1-480x248.png 480w, https:\/\/egap.org\/wp-content\/uploads\/2020\/02\/pic-map-1-1024x530.png 1024w, https:\/\/egap.org\/wp-content\/uploads\/2020\/02\/pic-map-1-768x397.png 768w\" sizes=\"auto, (max-width: 1214px) 100vw, 1214px\" \/><\/figure>\n\n\n\n<p class=\"o-generic-links\">Pero \u00bfTiene esta informaci\u00f3n alguna relevancia en contextos con instituciones d\u00e9biles? \u00bfLleva esta informaci\u00f3n a mejores resultados en las elecciones o las decisiones de voto son dominadas por cercan\u00eda \u00e9tnica o relaciones clientelistas? El proyecto Informaci\u00f3n y Rendici\u00f3n de Cuentas de Mataketa busca responder estas preguntas implementando una serie de proyectos experimentales que estudien el rol de la informaci\u00f3n en promover control ciudadano en pol\u00edtica en pa\u00edses en desarrollo.<\/p>\n\n\n\n<p class=\"o-generic-links\">Esta ronda de Metaketa fue lanzada en el oto\u00f1o de 2013 y seguir\u00e1 en marcha por los siguientes 4 a\u00f1os. Esta ronda premi\u00f3 7 proyectos, uno en Ben\u00edn, uno en Burkina Faso, uno en India, uno en M\u00e9xico y dos en Uganda, con fondos que van desde los US$ 175,000 a los US$ 300,000. Todos estos proyectos usan intervenciones con informaci\u00f3n compartida para evaluar el impacto de proveer de informaci\u00f3n a los votantes sobre el desempe\u00f1o de los pol\u00edticos. Adicionalmente, cada uno de estos proyectos involucra al menos una intervenci\u00f3n complementaria. En esta ronda varios proyectos comparan el efecto de proveer informaci\u00f3n a votantes individuales con el efecto de proveer informaci\u00f3n a grupos de votantes. Puedes encontrar m\u00e1s informaci\u00f3n con respecto a este proyecto en la Expresi\u00f3n de Intereses y Solicitud de Propuestas.&nbsp;<\/p>\n\n\n\n<p class=\"o-generic-links\"><strong>Comit\u00e9 Directivo:<\/strong> <br><a href=\"https:\/\/egap.org\/member\/thad-dunning\/\">Thad Dunning<\/a> (Lider del comit\u00e9, University of California, Berkeley)<br><a href=\"https:\/\/egap.org\/member\/guy-grossman\/\">Guy Grossman<\/a> (University of Pennsylvania) <br><a href=\"https:\/\/egap.org\/member\/macartan-humphreys\/\">Macartan Humphreys<\/a> (Columbia University)<br><a href=\"https:\/\/egap.org\/member\/susan-hyde\/\">Susan Hyde<\/a> (University of California, Berkeley) <br><a href=\"https:\/\/egap.org\/member\/craig-mcintosh\/\">Craig McIntosh<\/a> (University of California, San Diego)<\/p>\n\n\n\n<hr class=\"wp-block-separator\"\/>\n\n\n<section class=\"c-related-projects no-items\">\n  <nav class=\"c-related-projects__items\">\n      <\/nav>\n<\/section>\n<\/div>\n\n\n<\/section>\n\n\n<section class=\"c-section__columns\">\n  \n\n<div class=\"wp-block-column is-layout-flow wp-block-column-is-layout-flow\"><\/div>\n\n\n\n<div class=\"wp-block-column is-layout-flow wp-block-column-is-layout-flow\"><\/div>\n\n\n<\/section>\n\n\n<section class=\"c-section__columns\">\n  \n\n<div class=\"wp-block-column is-layout-flow wp-block-column-is-layout-flow\"><\/div>\n\n\n\n<div class=\"wp-block-column is-layout-flow wp-block-column-is-layout-flow\"><\/div>\n\n\n<\/section>\n\n\n<\/section>\n","protected":false},"excerpt":{"rendered":"","protected":false},"author":1,"featured_media":0,"parent":6,"menu_order":0,"comment_status":"closed","ping_status":"closed","template":"","meta":{"_acf_changed":false,"footnotes":""},"class_list":["post-6876","page","type-page","status-publish","hentry"],"acf":[],"_links":{"self":[{"href":"https:\/\/egap.org\/es\/wp-json\/wp\/v2\/pages\/6876","targetHints":{"allow":["GET"]}}],"collection":[{"href":"https:\/\/egap.org\/es\/wp-json\/wp\/v2\/pages"}],"about":[{"href":"https:\/\/egap.org\/es\/wp-json\/wp\/v2\/types\/page"}],"author":[{"embeddable":true,"href":"https:\/\/egap.org\/es\/wp-json\/wp\/v2\/users\/1"}],"replies":[{"embeddable":true,"href":"https:\/\/egap.org\/es\/wp-json\/wp\/v2\/comments?post=6876"}],"version-history":[{"count":4,"href":"https:\/\/egap.org\/es\/wp-json\/wp\/v2\/pages\/6876\/revisions"}],"predecessor-version":[{"id":6887,"href":"https:\/\/egap.org\/es\/wp-json\/wp\/v2\/pages\/6876\/revisions\/6887"}],"up":[{"embeddable":true,"href":"https:\/\/egap.org\/es\/wp-json\/wp\/v2\/pages\/6"}],"wp:attachment":[{"href":"https:\/\/egap.org\/es\/wp-json\/wp\/v2\/media?parent=6876"}],"curies":[{"name":"wp","href":"https:\/\/api.w.org\/{rel}","templated":true}]}}