{"id":6857,"date":"2020-07-09T19:03:08","date_gmt":"2020-07-09T19:03:08","guid":{"rendered":"https:\/\/egap.org\/?page_id=6857"},"modified":"2020-09-14T12:58:32","modified_gmt":"2020-09-14T12:58:32","slug":"iniciativa-metaketa","status":"publish","type":"page","link":"https:\/\/egap.org\/es\/our-work-0\/iniciativa-metaketa\/","title":{"rendered":"Iniciativa Metaketa"},"content":{"rendered":"<section class=\"c-section o-wrapper-padding\">\n  \n<section class=\"c-section__column\">\n  \n\n\n<\/section>\n\n\n<section class=\"c-section__columns\">\n  \n\n<div class=\"wp-block-column is-layout-flow wp-block-column-is-layout-flow\"><h1 class=\"c-page-title is-style-default o-h1\">\n  Iniciativa Metaketa\n<\/h1>\n\n\n<\/div>\n\n\n\n<div class=\"wp-block-column is-vertically-aligned-bottom is-layout-flow wp-block-column-is-layout-flow\">\n<div style=\"height:20px\" aria-hidden=\"true\" class=\"wp-block-spacer has-hide-on-xlarge has-hide-on-small\"><\/div>\n\n\n<div class=\"c-submenu u-no-scroll-bar  has-hide-on-small\">\n  <div class=\"c-submenu__items\">\n    \n<a class=\"c-submenu__item\" href=\"#Visi\u00f3n-de-conjunto\" target=\"\" rel=\"\">\n  Visi\u00f3n de Conjunto\n<\/a>\n\n\n<a class=\"c-submenu__item\" href=\"#rondas\" target=\"\" rel=\"\">\n  Rondas\n<\/a>\n\n\n  <\/div>\n<\/div>\n\n\n<\/div>\n\n\n<\/section>\n\n\n<section class=\"c-section__column\">\n  \n\n<div style=\"height:60px\" aria-hidden=\"true\" class=\"wp-block-spacer\"><\/div>\n\n\n\n\n<\/section>\n\n\n<section class=\"c-section__columns\">\n  \n\n<div class=\"wp-block-column is-layout-flow wp-block-column-is-layout-flow\"><div class=\"o-anchor\" aria-hidden=\"true\">\n  <div class=\"o-anchor__link\" id=\"Visi\u00f3n-de-conjunto\"><\/div>\n<\/div>\n\n<h4 class=\"wp-block-heading\" >Visi\u00f3n de Conjunto<\/h4>\n<\/div>\n\n\n\n<div class=\"wp-block-column is-layout-flow wp-block-column-is-layout-flow\">\n<p class=\"o-generic-links\">La&nbsp;<strong>Iniciativa Metaketa<\/strong>&nbsp;es un modelo de financiamiento para grupos de estudios coordinados que trabajan con socios gubernamentales y no gubernamentales para apoyar proyectos de investigaci\u00f3n integrados, capaces de responder preguntas amplias. Una caracter\u00edstica que han tenido las rondas de financiamiento es que ellas no tienen dentro de sus objetivos principales la innovaci\u00f3n. En vez de eso, se focalizan principalmente en la consolidaci\u00f3n del conocimiento. Una Metaketa (Palabra de origen Vasco que quiere decir \u201cacumulaci\u00f3n\u201d) es una campa\u00f1a de donaciones para investigaci\u00f3n, coordinada y sitiada en m\u00faltiples lugares, designada para fomentar la acumulaci\u00f3n de conocimiento.<\/p>\n\n\n\n<p class=\"o-generic-links\"><strong>Contexto<\/strong><br>EGAP ve&nbsp;una continua crisis de validez externa&nbsp;en la investigaci\u00f3n en desarrollo econ\u00f3mico y pocos esfuerzos por solucionarla de manera sist\u00e9mica. La manera de actuar de muchos investigadores acad\u00e9micos es buscar un tema que encuentran interesante y buscar financiamiento para implementar la investigaci\u00f3n de una manera original. En la pr\u00e1ctica, esto significa&nbsp;que muchas veces que&nbsp;los resultados pueden ser dif\u00edciles de integrar&nbsp;con conocimiento en desarrollo&nbsp;en otros contextos. En varias ocasiones la investigaci\u00f3n es realizada en contextos de evaluaci\u00f3n de pol\u00edtica. En esos casos, la investigaci\u00f3n es a veces solicitada por agencias e implementada por investigadores. As\u00ed la investigaci\u00f3n responde a necesidades particulares del lugar y no son dise\u00f1adas para responder preguntas que trasciendan ese contexto. Una consecuencia de esto es que&nbsp;un gran n\u00famero de grandes innovaciones en pol\u00edtica se basan en cimientos de investigaci\u00f3n fr\u00e1giles.<\/p>\n\n\n\n<p class=\"o-generic-links\">Por ejemplo, se han obtenido grandes lecciones en la eficacia del monitoreo de la comunidad a los trabajadores de la salud para obtener mejoras en salud, o en las ventajas de entregar informaci\u00f3n sobre pol\u00edticos corruptos. &nbsp;Todos estos resultados han sido obtenidos desde estudios individuales. Sin embargo, hay razones para ser cautelosos por razones como la presencia de sesgo de publicaci\u00f3n en la investigaci\u00f3n. Resultados positivos son publicados y le\u00eddos, por otro lado, resultados negativos o nulos frecuentemente no lo son. As\u00ed, poco se aprende sobre el rol que juega el contexto en determinar cuando el resultado es relevante o no.<\/p>\n\n\n\n<p class=\"o-generic-links\"><strong>Soluci\u00f3n<\/strong><br>EGAP trabaja en cambiar este desaf\u00edo de validez externa.&nbsp;En parte obteniendo los incentivos correctos&nbsp;para atraer los mejores investigadores a contribuir en un esfuerzo colectivo que&nbsp;identifique \u00e1reas cr\u00edticas&nbsp;donde&nbsp;conocimiento generalizable&nbsp;puede tener un&nbsp;amplio impacto. La idea principal de esta iniciativa es tomar una pregunta amplia, que tenga relevancia de pol\u00edtica para los gobiernos, identificando la intervenci\u00f3n que es pretendida e implementar un grupo de estudios coordinados que puedan proveer respuestas confiables a la pregunta.<\/p>\n\n\n\n<hr class=\"wp-block-separator\"\/>\n\n\n<\/div>\n\n\n<\/section>\n\n\n<section class=\"c-section__columns\">\n  \n\n<div class=\"wp-block-column is-layout-flow wp-block-column-is-layout-flow\"><div class=\"c-submenu u-no-scroll-bar is-style-vertical o-generic-links\">\n  <div class=\"c-submenu__items\">\n    \n\n\n  <\/div>\n<\/div>\n<\/div>\n\n\n\n<div class=\"wp-block-column is-layout-flow wp-block-column-is-layout-flow\"><\/div>\n\n\n<\/section>\n\n\n<section class=\"c-section__columns\">\n  \n\n<div class=\"wp-block-column is-layout-flow wp-block-column-is-layout-flow\"><div class=\"o-anchor\" aria-hidden=\"true\">\n  <div class=\"o-anchor__link\" id=\"rondas\"><\/div>\n<\/div>\n\n<h4 class=\"wp-block-heading\" >Rondas<\/h4>\n\n\n<div class=\"c-submenu u-no-scroll-bar is-style-vertical o-generic-links\">\n  <div class=\"c-submenu__items\">\n    \n\n\n  <\/div>\n<\/div>\n\n\n<\/div>\n\n\n\n<div class=\"wp-block-column is-layout-flow wp-block-column-is-layout-flow\"><section class=\"c-image-slides u-mb-large\">\n  <ul class=\"c-image-slides__filter o-list-bare o-filter-header\">\n          <li class=\"o-filter-header__item\"><button class=\"o-filter-header__button is-active\">Metaketa I<\/button><\/li>\n          <li class=\"o-filter-header__item\"><button class=\"o-filter-header__button\">Metaketa II<\/button><\/li>\n          <li class=\"o-filter-header__item\"><button class=\"o-filter-header__button\">Metaketa III<\/button><\/li>\n          <li class=\"o-filter-header__item\"><button class=\"o-filter-header__button\">Metaketa IV<\/button><\/li>\n          <li class=\"o-filter-header__item\"><button class=\"o-filter-header__button\">Metaketa V<\/button><\/li>\n          <li class=\"o-filter-header__item\"><button class=\"o-filter-header__button\"><strong>Ver todos los pa\u00edses<\/strong><\/button><\/li>\n      <\/ul>\n  <div class=\"c-image-slides__items\">\n          <div class=\"c-image-slides__item is-active\">\n        <img loading=\"lazy\" decoding=\"async\" class=\"c-image-slides__image\" src=\"https:\/\/egap.org\/wp-content\/uploads\/2020\/02\/pic-map-1.png\" width=\"1214\" height=\"628\" alt=\"\" srcset=\"https:\/\/egap.org\/wp-content\/uploads\/2020\/02\/pic-map-1.png 1214w, https:\/\/egap.org\/wp-content\/uploads\/2020\/02\/pic-map-1-480x248.png 480w, https:\/\/egap.org\/wp-content\/uploads\/2020\/02\/pic-map-1-1024x530.png 1024w, https:\/\/egap.org\/wp-content\/uploads\/2020\/02\/pic-map-1-768x397.png 768w\" sizes=\"auto, (max-width: 1214px) 100vw, 1214px\">\n      <\/div>\n          <div class=\"c-image-slides__item\">\n        <img loading=\"lazy\" decoding=\"async\" class=\"c-image-slides__image\" src=\"https:\/\/egap.org\/wp-content\/uploads\/2020\/02\/pic-map-2.png\" width=\"1214\" height=\"628\" alt=\"MK Round 2 country locations\" srcset=\"https:\/\/egap.org\/wp-content\/uploads\/2020\/02\/pic-map-2.png 1214w, https:\/\/egap.org\/wp-content\/uploads\/2020\/02\/pic-map-2-480x248.png 480w, https:\/\/egap.org\/wp-content\/uploads\/2020\/02\/pic-map-2-1024x530.png 1024w, https:\/\/egap.org\/wp-content\/uploads\/2020\/02\/pic-map-2-768x397.png 768w\" sizes=\"auto, (max-width: 1214px) 100vw, 1214px\">\n      <\/div>\n          <div class=\"c-image-slides__item\">\n        <img loading=\"lazy\" decoding=\"async\" class=\"c-image-slides__image\" src=\"https:\/\/egap.org\/wp-content\/uploads\/2020\/02\/pic-map-3.png\" width=\"607\" height=\"314\" alt=\"Metaketa Round 3 country locations\" srcset=\"https:\/\/egap.org\/wp-content\/uploads\/2020\/02\/pic-map-3.png 607w, https:\/\/egap.org\/wp-content\/uploads\/2020\/02\/pic-map-3-480x248.png 480w\" sizes=\"auto, (max-width: 607px) 100vw, 607px\">\n      <\/div>\n          <div class=\"c-image-slides__item\">\n        <img loading=\"lazy\" decoding=\"async\" class=\"c-image-slides__image\" src=\"https:\/\/egap.org\/wp-content\/uploads\/2020\/02\/pic-map-4.png\" width=\"1214\" height=\"628\" alt=\"\" srcset=\"https:\/\/egap.org\/wp-content\/uploads\/2020\/02\/pic-map-4.png 1214w, https:\/\/egap.org\/wp-content\/uploads\/2020\/02\/pic-map-4-480x248.png 480w, https:\/\/egap.org\/wp-content\/uploads\/2020\/02\/pic-map-4-1024x530.png 1024w, https:\/\/egap.org\/wp-content\/uploads\/2020\/02\/pic-map-4-768x397.png 768w\" sizes=\"auto, (max-width: 1214px) 100vw, 1214px\">\n      <\/div>\n          <div class=\"c-image-slides__item\">\n        <img loading=\"lazy\" decoding=\"async\" class=\"c-image-slides__image\" src=\"https:\/\/egap.org\/wp-content\/uploads\/2020\/03\/metaketa-maps-r1_mk-5.png\" width=\"2872\" height=\"1487\" alt=\"\" srcset=\"https:\/\/egap.org\/wp-content\/uploads\/2020\/03\/metaketa-maps-r1_mk-5.png 2872w, https:\/\/egap.org\/wp-content\/uploads\/2020\/03\/metaketa-maps-r1_mk-5-480x249.png 480w, https:\/\/egap.org\/wp-content\/uploads\/2020\/03\/metaketa-maps-r1_mk-5-1024x530.png 1024w, https:\/\/egap.org\/wp-content\/uploads\/2020\/03\/metaketa-maps-r1_mk-5-768x398.png 768w, https:\/\/egap.org\/wp-content\/uploads\/2020\/03\/metaketa-maps-r1_mk-5-1536x795.png 1536w, https:\/\/egap.org\/wp-content\/uploads\/2020\/03\/metaketa-maps-r1_mk-5-2048x1060.png 2048w, https:\/\/egap.org\/wp-content\/uploads\/2020\/03\/metaketa-maps-r1_mk-5-1366x707.png 1366w, https:\/\/egap.org\/wp-content\/uploads\/2020\/03\/metaketa-maps-r1_mk-5-1920x994.png 1920w, https:\/\/egap.org\/wp-content\/uploads\/2020\/03\/metaketa-maps-r1_mk-5-2560x1325.png 2560w\" sizes=\"auto, (max-width: 2872px) 100vw, 2872px\">\n      <\/div>\n          <div class=\"c-image-slides__item\">\n        <img loading=\"lazy\" decoding=\"async\" class=\"c-image-slides__image\" src=\"https:\/\/egap.org\/wp-content\/uploads\/2020\/04\/metaketa-maps-all-countries.png\" width=\"1413\" height=\"698\" alt=\"\" srcset=\"https:\/\/egap.org\/wp-content\/uploads\/2020\/04\/metaketa-maps-all-countries.png 1413w, https:\/\/egap.org\/wp-content\/uploads\/2020\/04\/metaketa-maps-all-countries-480x237.png 480w, https:\/\/egap.org\/wp-content\/uploads\/2020\/04\/metaketa-maps-all-countries-1024x506.png 1024w, https:\/\/egap.org\/wp-content\/uploads\/2020\/04\/metaketa-maps-all-countries-768x379.png 768w, https:\/\/egap.org\/wp-content\/uploads\/2020\/04\/metaketa-maps-all-countries-1366x675.png 1366w\" sizes=\"auto, (max-width: 1413px) 100vw, 1413px\">\n      <\/div>\n      <\/div>\n<\/section>\n\n\n<section class=\"c-resource-tiles\">\n  <div class=\"c-resource-tiles__items c-research-tiles\">\n    \n<a class=\"c-research-tile u-no-last-margin\" href=\"https:\/\/egap.org\/es\/our-work\/the-metaketa-initiative\/ronda-i-informacion-y-rendicion-de-cuentas\/\" title=\"\" target=\"\" rel=\"\">\n  <hr class=\"c-research-tile__bar\">\n  <div class=\"c-research-tile__type u-fw-700 u-c-heading\">Metaketa I<\/div>\n  <h4 class=\"c-research-tile__title o-h5 u-fw-400\">Informaci\u00f3n y Rendici\u00f3n de Cuentas<\/h4>\n  <\/a>\n\n\n\n<a class=\"c-research-tile u-no-last-margin\" href=\"https:\/\/egap.org\/our-work\/the-metaketa-initiative\/roundtwo-taxation\/\" title=\"\" target=\"\" rel=\"\">\n  <hr class=\"c-research-tile__bar\">\n  <div class=\"c-research-tile__type u-fw-700 u-c-heading\">Metaketa II<\/div>\n  <h4 class=\"c-research-tile__title o-h5 u-fw-400\">Impuestos<\/h4>\n  <\/a>\n\n\n\n<a class=\"c-research-tile u-no-last-margin\" href=\"https:\/\/egap.org\/our-work\/the-metaketa-initiative\/round3-natural-resource-governance\/\" title=\"\" target=\"\" rel=\"\">\n  <hr class=\"c-research-tile__bar\">\n  <div class=\"c-research-tile__type u-fw-700 u-c-heading\">Metaketa III<\/div>\n  <h4 class=\"c-research-tile__title o-h5 u-fw-400\">Recursos Naturales<\/h4>\n  <\/a>\n\n\n\n<a class=\"c-research-tile u-no-last-margin\" href=\"https:\/\/egap.org\/our-work\/the-metaketa-initiative\/round4-community-policing\/\" title=\"\" target=\"\" rel=\"\">\n  <hr class=\"c-research-tile__bar\">\n  <div class=\"c-research-tile__type u-fw-700 u-c-heading\">Metaketa IV<\/div>\n  <h4 class=\"c-research-tile__title o-h5 u-fw-400\">P\u00f3liza Comunitar\u00eda<\/h4>\n  <\/a>\n\n\n\n<a class=\"c-research-tile u-no-last-margin\" href=\"https:\/\/egap.org\/our-work\/the-metaketa-initiative\/round5-womens-action-committees-and-local-services\/\" title=\"\" target=\"\" rel=\"\">\n  <hr class=\"c-research-tile__bar\">\n  <div class=\"c-research-tile__type u-fw-700 u-c-heading\">Metaketa V<\/div>\n  <h4 class=\"c-research-tile__title o-h5 u-fw-400\">Comit\u00e9s de acci\u00f3n de mujeres y servicios locales<\/h4>\n  <\/a>\n\n\n\n  <\/div>\n<\/section>\n\n\n<\/div>\n\n\n<\/section>\n\n\n<section class=\"c-section__columns\">\n  \n\n<div class=\"wp-block-column is-layout-flow wp-block-column-is-layout-flow\"><\/div>\n\n\n\n<div class=\"wp-block-column is-layout-flow wp-block-column-is-layout-flow\"><\/div>\n\n\n<\/section>\n\n\n<section class=\"c-section__columns\">\n  \n\n<div class=\"wp-block-column is-layout-flow wp-block-column-is-layout-flow\"><\/div>\n\n\n\n<div class=\"wp-block-column is-layout-flow wp-block-column-is-layout-flow\"><\/div>\n\n\n<\/section>\n\n\n<\/section>\n","protected":false},"excerpt":{"rendered":"","protected":false},"author":1,"featured_media":0,"parent":5,"menu_order":0,"comment_status":"closed","ping_status":"closed","template":"","meta":{"_acf_changed":false,"footnotes":""},"class_list":["post-6857","page","type-page","status-publish","hentry"],"acf":[],"_links":{"self":[{"href":"https:\/\/egap.org\/es\/wp-json\/wp\/v2\/pages\/6857","targetHints":{"allow":["GET"]}}],"collection":[{"href":"https:\/\/egap.org\/es\/wp-json\/wp\/v2\/pages"}],"about":[{"href":"https:\/\/egap.org\/es\/wp-json\/wp\/v2\/types\/page"}],"author":[{"embeddable":true,"href":"https:\/\/egap.org\/es\/wp-json\/wp\/v2\/users\/1"}],"replies":[{"embeddable":true,"href":"https:\/\/egap.org\/es\/wp-json\/wp\/v2\/comments?post=6857"}],"version-history":[{"count":14,"href":"https:\/\/egap.org\/es\/wp-json\/wp\/v2\/pages\/6857\/revisions"}],"predecessor-version":[{"id":7527,"href":"https:\/\/egap.org\/es\/wp-json\/wp\/v2\/pages\/6857\/revisions\/7527"}],"up":[{"embeddable":true,"href":"https:\/\/egap.org\/es\/wp-json\/wp\/v2\/pages\/5"}],"wp:attachment":[{"href":"https:\/\/egap.org\/es\/wp-json\/wp\/v2\/media?parent=6857"}],"curies":[{"name":"wp","href":"https:\/\/api.w.org\/{rel}","templated":true}]}}