{"id":16009,"date":"2022-05-04T12:38:00","date_gmt":"2022-05-04T19:38:00","guid":{"rendered":"https:\/\/egap.org\/?page_id=16009"},"modified":"2022-05-06T14:12:52","modified_gmt":"2022-05-06T21:12:52","slug":"learning-days-libro","status":"publish","type":"page","link":"https:\/\/egap.org\/es\/learning-days-libro\/","title":{"rendered":"La teor\u00eda y la pr\u00e1ctica de los experimentos de campo"},"content":{"rendered":"<section class=\"c-section o-wrapper-padding\">\n  \n<section class=\"c-section__column\">\n  \n<nav class=\"c-breadcrumbs u-fsz-smallest u-c-gray-dark\">\n  <\/nav>\n\n\n\n<\/section>\n\n\n<section class=\"c-section__columns\">\n  \n\n<div class=\"wp-block-column is-vertically-aligned-bottom is-layout-flow wp-block-column-is-layout-flow\"><h1 class=\"c-page-title is-style-smaller o-h2\">\n  La teor\u00eda y la pr\u00e1ctica de los experimentos de campo\n<\/h1>\n\n\n\n<h4 class=\"wp-block-heading\">Una introducci\u00f3n de los Learning Days de EGAP<\/h4>\n\n\n\n<p class=\"o-generic-links\"><a href=\"https:\/\/egap.org\/learning-days-book\/\">In English<\/a><\/p>\n\n\n\n<p class=\"o-generic-links\"><a href=\"https:\/\/egap.org\/fr\/learning-days-livre\/\">En fran\u00e7ais<\/a><\/p>\n\n\n<\/div>\n\n\n\n<div class=\"wp-block-column is-vertically-aligned-bottom is-layout-flow wp-block-column-is-layout-flow\"><div class=\"c-submenu u-no-scroll-bar\">\n  <div class=\"c-submenu__items\">\n    \n<a class=\"c-submenu__item\" href=\"#introduccion\" target=\"\" rel=\"\">\n  Introducci\u00f3n\n<\/a>\n\n\n<a class=\"c-submenu__item\" href=\"#accede\" target=\"\" rel=\"\">\n  Accede al Libro\n<\/a>\n\n\n<a class=\"c-submenu__item\" href=\"#mas\" target=\"\" rel=\"\">\n  Aprende M\u00e1s\n<\/a>\n\n\n  <\/div>\n<\/div>\n\n\n<\/div>\n\n\n<\/section>\n\n\n<section class=\"c-section__column\">\n  \n\n<div style=\"height:60px\" aria-hidden=\"true\" class=\"wp-block-spacer\"><\/div>\n\n\n<\/section>\n\n\n<section class=\"c-section__columns\">\n  \n\n<div class=\"wp-block-column is-layout-flow wp-block-column-is-layout-flow\"><div class=\"o-anchor\" aria-hidden=\"true\">\n  <div class=\"o-anchor__link\" id=\"introduccion\"><\/div>\n<\/div>\n\n<h4 class=\"wp-block-heading\" >Introducci\u00f3n<\/h4>\n<\/div>\n\n\n\n<div class=\"wp-block-column is-layout-flow wp-block-column-is-layout-flow\">\n<p class=\"o-generic-links\">A lo largo de la \u00faltima decada, EGAP ha organizado la serie de talleres, <a href=\"https:\/\/egap.org\/learning-days\/\">Learning Days<\/a>, con el fin de generar capacidad para la investigaci\u00f3n experimental en ciencias sociales entre investigadores principales (IP), tanto ci\u00e9ntificos como profesionales expertos, en \u00c1frica y Am\u00e9rica Latina. Al promover el uso de m\u00e9todos pr\u00e1cticos y estad\u00edsticos relacionados con experimentos aleatorios de campo, la iniciativa de los Learning Days busca identificar y nutrir redes de investigadores en todo el mundo y crear conexiones s\u00f3lidas y productivas entre estos investigadores y los miembros de EGAP.<\/p>\n\n\n\n<p class=\"o-generic-links\">Los Learning Days son una combinaci\u00f3n de cl\u00ednicas de dise\u00f1o, presentaciones de investigaciones, trabajo guiado usando un software estad\u00edstico y conferencias tem\u00e1ticas a cargo de un peque\u00f1o grupo de instructores, en su mayor\u00eda profesores y estudiantes de doctorado de la red EGAP. Los talleres se enfocan en el uso de m\u00e9todos para el dise\u00f1o y an\u00e1lisis de experimentos aleatorios de campo en lugar de experimentos aleatorios de laboratorio o estudios no aleatorios.<\/p>\n\n\n\n<p class=\"o-generic-links\">Este libro surgi\u00f3 del deseo de compartir el material did\u00e1ctico que hemos venido desarrollando para los Learning Days. La versi\u00f3n actual est\u00e1 dirigida a instructores y organizadores de talleres y cursos similares que se especialicen en formar investigadores principales tales como profesores, becarios post-doctorales, estudiantes de doctorado y evaluadores de organizaciones gubernamentales y no-gubernamentales que implementen estudios aleatorios de programas relacionados con el estudio de las instituciones, la gobernanza y el desarrollo. Gran parte del material did\u00e1ctico tambi\u00e9n le ser\u00e1 \u00fatil a los participantes de sesiones pasadas de los Learning Days.<\/p>\n\n\n\n<p class=\"o-generic-links\">El libro fue escrito por los miembros de EGAP <a href=\"https:\/\/egap.org\/member\/jake-bowers\/\">Jake Bowers<\/a>, <a href=\"https:\/\/egap.org\/member\/maarten-voors\/\">Maarten Voors<\/a> y <a href=\"https:\/\/egap.org\/member\/nahomi-ichino\/\">Nahomi Ichino<\/a>. Fue traducido al espa\u00f1ol por <a href=\"https:\/\/lilymedina.github.io\/\">Lily Medina<\/a> y al franc\u00e9s por <a href=\"https:\/\/alyssaheinze.github.io\/\">Alyssa Heinze<\/a>.<\/p>\n<\/div>\n\n\n<\/section>\n\n\n<section class=\"c-section__columns\">\n  \n\n<div class=\"wp-block-column is-layout-flow wp-block-column-is-layout-flow\"><\/div>\n\n\n\n<div class=\"wp-block-column is-layout-flow wp-block-column-is-layout-flow\">\n<hr class=\"wp-block-separator\"\/>\n<\/div>\n\n\n<\/section>\n\n\n<section class=\"c-section__columns\">\n  \n\n<div class=\"wp-block-column is-layout-flow wp-block-column-is-layout-flow\"><div class=\"o-anchor\" aria-hidden=\"true\">\n  <div class=\"o-anchor__link\" id=\"accede\"><\/div>\n<\/div>\n\n<h4 class=\"wp-block-heading\" >Accede al Libro<\/h4>\n<\/div>\n\n\n\n<div class=\"wp-block-column is-layout-flow wp-block-column-is-layout-flow\">\n<p class=\"o-generic-links\">Este libro presenta una extensa rese\u00f1a de m\u00e9todos basados en inferencia causal para investigadores que est\u00e1n desarrollando alg\u00fan dise\u00f1o de investigaci\u00f3n experimental. El libro est\u00e1 organizado en m\u00f3dulos y cubre temas como inferencia causal, aleatorizaci\u00f3n, pruebas de hip\u00f3tesis, estimaciones, estimadores, poder estad\u00edstico, medici\u00f3n, amenazas a la validez interna y \u00e9tica de experimentos.<\/p>\n\n\n<div class=\"c-buttons\">\n  \n<a class=\"c-buttons__item o-btn\" href=\"https:\/\/egap.github.io\/theory_and_practice_of_field_experiments_spanish\/\" target=\"_blank\" rel=\"noreferrer noopener\">\n  Haga clic aqu\u00ed para acceder al libro\n<\/a>\n\n\n<\/div>\n<\/div>\n\n\n<\/section>\n\n\n<section class=\"c-section__columns\">\n  \n\n<div class=\"wp-block-column is-layout-flow wp-block-column-is-layout-flow\"><\/div>\n\n\n\n<div class=\"wp-block-column is-layout-flow wp-block-column-is-layout-flow\">\n<hr class=\"wp-block-separator\"\/>\n<\/div>\n\n\n<\/section>\n\n\n<section class=\"c-section__columns\">\n  \n\n<div class=\"wp-block-column is-layout-flow wp-block-column-is-layout-flow\">\n<h4 class=\"wp-block-heading\">Aprende M\u00e1s<\/h4>\n<\/div>\n\n\n\n<div class=\"wp-block-column is-layout-flow wp-block-column-is-layout-flow\">\n<p class=\"o-generic-links\">Para obtener m\u00e1s informaci\u00f3n sobre la l\u00f3gica detr\u00e1s del libro y escuchar a los autores del libro sobre c\u00f3mo est\u00e1 organizado, consulte el video a continuaci\u00f3n. Este video (en ingl\u00e9s) fue tomado del evento de lanzamiento del libro en marzo de 2021.<\/p>\n\n\n\n<figure class=\"wp-block-embed-youtube wp-block-embed is-type-video is-provider-youtube wp-embed-aspect-16-9 wp-has-aspect-ratio\"><div class=\"wp-block-embed__wrapper\">\n<div class=\"c-embed c-embed--video\"><iframe loading=\"lazy\" title=\"Introducing the EGAP Learning Days online book\" width=\"500\" height=\"281\" src=\"https:\/\/www.youtube.com\/embed\/v_RRh7MlMT4?feature=oembed\" frameborder=\"0\" allow=\"accelerometer; autoplay; clipboard-write; encrypted-media; gyroscope; picture-in-picture; web-share\" referrerpolicy=\"strict-origin-when-cross-origin\" allowfullscreen><\/iframe><\/div>\n<\/div><\/figure>\n<\/div>\n\n\n<\/section>\n\n\n<\/section>\n","protected":false},"excerpt":{"rendered":"","protected":false},"author":2,"featured_media":0,"parent":0,"menu_order":0,"comment_status":"closed","ping_status":"closed","template":"","meta":{"_acf_changed":false,"footnotes":""},"class_list":["post-16009","page","type-page","status-publish","hentry"],"acf":[],"_links":{"self":[{"href":"https:\/\/egap.org\/es\/wp-json\/wp\/v2\/pages\/16009","targetHints":{"allow":["GET"]}}],"collection":[{"href":"https:\/\/egap.org\/es\/wp-json\/wp\/v2\/pages"}],"about":[{"href":"https:\/\/egap.org\/es\/wp-json\/wp\/v2\/types\/page"}],"author":[{"embeddable":true,"href":"https:\/\/egap.org\/es\/wp-json\/wp\/v2\/users\/2"}],"replies":[{"embeddable":true,"href":"https:\/\/egap.org\/es\/wp-json\/wp\/v2\/comments?post=16009"}],"version-history":[{"count":12,"href":"https:\/\/egap.org\/es\/wp-json\/wp\/v2\/pages\/16009\/revisions"}],"predecessor-version":[{"id":16136,"href":"https:\/\/egap.org\/es\/wp-json\/wp\/v2\/pages\/16009\/revisions\/16136"}],"wp:attachment":[{"href":"https:\/\/egap.org\/es\/wp-json\/wp\/v2\/media?parent=16009"}],"curies":[{"name":"wp","href":"https:\/\/api.w.org\/{rel}","templated":true}]}}