{"id":11891,"date":"2021-08-10T16:04:20","date_gmt":"2021-08-10T23:04:20","guid":{"rendered":"https:\/\/egap.org\/?page_id=11891"},"modified":"2021-10-19T14:28:28","modified_gmt":"2021-10-19T21:28:28","slug":"hub-regional-egap-latam-fondo-de-apoyo-a-la-investigacion","status":"publish","type":"page","link":"https:\/\/egap.org\/es\/hub-regional-egap-latam-fondo-de-apoyo-a-la-investigacion\/","title":{"rendered":"Hub Regional EGAP LATAM Fondo de Apoyo a la Investigaci\u00f3n"},"content":{"rendered":"<section class=\"c-section o-wrapper-padding\">\n  \n<section class=\"c-section__column\">\n  \n<nav class=\"c-breadcrumbs u-fsz-smallest u-c-gray-dark\">\n  <\/nav>\n\n\n\n\n\n<\/section>\n\n\n<section class=\"c-section__columns\">\n  \n\n<div class=\"wp-block-column is-layout-flow wp-block-column-is-layout-flow\"><h1 class=\"c-page-title is-style-smaller o-h2\">\n  Hub Regional EGAP LATAM Fondo de Apoyo a la Investigaci\u00f3n\n<\/h1>\n\n\n\n<p class=\"o-generic-links\"><a href=\"https:\/\/egap.org\/our-work-0\/research-grants\/egap-latam-regional-hub-small-grants-fund\/\" target=\"_blank\" rel=\"noreferrer noopener\">In English<\/a><\/p>\n<\/div>\n\n\n\n<div class=\"wp-block-column is-vertically-aligned-bottom is-layout-flow wp-block-column-is-layout-flow\">\n<div style=\"height:20px\" aria-hidden=\"true\" class=\"wp-block-spacer has-hide-on-xlarge has-hide-on-small\"><\/div>\n\n\n<div class=\"c-submenu u-no-scroll-bar  has-hide-on-small\">\n  <div class=\"c-submenu__items\">\n    \n<a class=\"c-submenu__item\" href=\"#overview\" target=\"\" rel=\"\">\n  Descripci\u00f3n General\n<\/a>\n\n\n<a class=\"c-submenu__item\" href=\"#projects\" target=\"\" rel=\"\">\n  Proyectos\n<\/a>\n\n\n\n\n  <\/div>\n<\/div>\n\n\n<\/div>\n\n\n<\/section>\n\n\n<section class=\"c-section__column\">\n  \n\n<div style=\"height:60px\" aria-hidden=\"true\" class=\"wp-block-spacer\"><\/div>\n\n\n\n\n<\/section>\n\n\n<section class=\"c-section__columns\">\n  \n\n<div class=\"wp-block-column is-layout-flow wp-block-column-is-layout-flow\"><div class=\"o-anchor\" aria-hidden=\"true\">\n  <div class=\"o-anchor__link\" id=\"overview\"><\/div>\n<\/div>\n\n<h4 class=\"wp-block-heading\" >Descripci\u00f3n General<\/h4>\n\n\n<div class=\"c-submenu u-no-scroll-bar is-style-vertical o-generic-links\">\n  <div class=\"c-submenu__items\">\n    \n\n\n  <\/div>\n<\/div>\n\n\n<\/div>\n\n\n\n<div class=\"wp-block-column is-layout-flow wp-block-column-is-layout-flow\">\n<p class=\"o-generic-links\">El <a href=\"https:\/\/economia.uniandes.edu.co\/cede\/egap\">Hub Regional de EGAP en Latinoam\u00e9rica<\/a> est\u00e1 solicitando propuestas para estudios de campo cuantitativos sobre el tema: Desplazamiento, Migraci\u00f3n e Integraci\u00f3n. <strong>Nuestro objetivo es financiar de 3 a 5 proyectos por hasta USD $15,000 cada uno, para equipos dirigidos por Investigadores Principales con base en o de Am\u00e9rica Latina que tengan como objetivo realizar investigaci\u00f3n en un pa\u00eds latinoamericano.<\/strong> Una caracter\u00edstica fundamental de estos fondos es que buscan financiar investigaciones cuantitativas (por ejemplo, encuestas, experimentos de campo o an\u00e1lisis en gran N de datos administrativos) en Am\u00e9rica Latina que puedan conducir a una comprensi\u00f3n acumulada e integral en gobernanza o innovaciones lideradas por la sociedad civil en esta \u00e1rea de estudio. Estamos especialmente interesados \u200b\u200ben propuestas de investigaci\u00f3n formativa que luego puedan ser la base de futuros estudios de colaboraci\u00f3n a gran escala entre investigadores y organizaciones implementadoras, incluidas ONG, organizaciones de la sociedad civil o agencias gubernamentales.<\/p>\n\n\n\n<p class=\"o-generic-links\"><strong><strong><strong>Detalles sobre los fondos y la elegibilidad<\/strong><\/strong><\/strong><\/p>\n\n\n\n<ul class=\"wp-block-list o-generic-links\"><li>EGAP LATAM otorgar\u00e1:<ul class=\"o-generic-links\"><li>Hasta USD $ 15,000 para las personas que cumplan con los criterios de elegibilidad indicados en estos t\u00e9rminos de referencia y que actualmente est\u00e9n inscritos en un programa de doctorado o cuenten con un doctorado y\/o tienen experiencia previa en proyectos de investigaci\u00f3n con niveles similares de financiamiento (mencionar la experiencia relevante en su CV). Tenga en cuenta que las propuestas con presupuestos inferiores a USD $15.000 ser\u00e1n consideradas favorablemente, con la posibilidad de otorgar recursos adicionales seg\u00fan la disponibilidad.<\/li><\/ul><ul class=\"o-generic-links\"><li>Hasta USD $5,000 para personas que cumplan con los criterios de elegibilidad indicados en estos t\u00e9rminos de referencia y que hayan completado una maestr\u00eda, pero que actualmente no est\u00e9n inscritos en un programa de doctorado o no cuenten con un doctorado y tengan experiencia previa limitada liderando proyectos de investigaci\u00f3n.<\/li><\/ul><ul class=\"o-generic-links\"><li>Hasta USD $2,000 para personas que cumplan con los criterios de elegibilidad indicados en estos t\u00e9rminos de referencia y que actualmente est\u00e9n cursando una maestr\u00eda.<\/li><\/ul><\/li><li>Los recursos se pueden utilizar para financiar el tiempo, viajes y alojamiento de investigadores asociados con la investigaci\u00f3n de campo, asistentes de investigaci\u00f3n, costos de implementaci\u00f3n de encuestas telef\u00f3nicas, compra o almacenamiento de datos y otros gastos de investigaci\u00f3n de campo que se justifiquen.<\/li><li>La elegibilidad est\u00e1 restringida a acad\u00e9micos de \/ con base \u200b\u200ben Am\u00e9rica Latina. Esto se refiere a personas que (a) actualmente tienen un doctorado y est\u00e1n vinculadas a una universidad o instituto de investigaci\u00f3n en Am\u00e9rica Latina; (b) actualmente estudian un doctorado en una universidad o instituto de investigaci\u00f3n en Am\u00e9rica Latina; o (c) recibieron un t\u00edtulo universitario de pregrado o posgrado de una universidad latinoamericana y actualmente son estudiantes de posgrado, posdoctorado o docentes en otro lugar.<ul class=\"o-generic-links\"><li><strong><em>Nota<\/em><\/strong>:\u200b Las colaboraciones entre acad\u00e9micos latinoamericanos o con base en Latinoam\u00e9rica y otros investigadores (incluidos colaboradores con sede en EE. UU.) son elegibles para solicitar estos fondos. Sin embargo, los proyectos deben estar claramente dirigidos por un acad\u00e9mico latinoamercicano o con sede en Am\u00e9rica Latina, y si se otorgan los fondos, estos se transferir\u00e1n directa y \u00fanicamente al solicitante latinoamericano o con sede en Am\u00e9rica Latina (No a investigadores que no cumplan este requisito).<\/li><\/ul><ul class=\"o-generic-links\"><li><strong><em>Nota<\/em><\/strong>:\u200b Las solicitudes de investigadores que no se encuentren vinculados a alguna universidad o instituto de investigaci\u00f3n no son elegibles (es decir, aquellos que no estudian, ense\u00f1an o realizan investigaciones en una universidad, instituci\u00f3n internacional, centro de investigaci\u00f3n formalmente acreditado o entidad gubernamental).<\/li><\/ul><ul class=\"o-generic-links\"><li>Por favor escriba al correo electr\u00f3nico: <a href=\"mailto:egap_latam@uniandes.edu.co\">egap_latam@uniandes.edu.co<\/a> con cualquier inquietud que pueda surgir sobre la elegibilidad.<br><\/li><\/ul><\/li><li>Los investigadores que reciban estos fondos deber\u00e1n obtener las aprobaciones de investigaci\u00f3n necesarias que correspondan (por ejemplo, la aprobaci\u00f3n de la Junta de Revisi\u00f3n Institucional de su instituci\u00f3n, a menos que exista una raz\u00f3n expl\u00edcita y legal para una exenci\u00f3n. Dicha aprobaci\u00f3n debe ser enviada antes del inicio de recopilaci\u00f3n de datos y el trabajo de campo).<\/li><\/ul>\n\n\n<div class=\"c-buttons\">\n  \n<a class=\"c-buttons__item o-btn\" href=\"https:\/\/egap.org\/wp-content\/uploads\/2021\/08\/egap-latam-hub-grant_rfp-3.pdf\" target=\"_blank\" rel=\"noreferrer noopener\">\n  Ver T\u00e9rminos de Referencia (en ingl\u00e9s)\n<\/a>\n\n\n<a class=\"c-buttons__item o-btn\" href=\"https:\/\/egap.org\/wp-content\/uploads\/2021\/08\/egap-latam-hub-grant_rfp_espanol-1.pdf\" target=\"_blank\" rel=\"noreferrer noopener\">\n  Ver Terminos de Referencia (en espa\u00f1ol)\n<\/a>\n\n\n<\/div>\n\n\n\n<p class=\"o-generic-links\"><strong>Directrices de env\u00edo<\/strong><\/p>\n\n\n\n<p class=\"o-generic-links\">Los solicitantes interesados deben diligenciar y enviar los siguientes documentos (preferiblemente en ingl\u00e9s):<\/p>\n\n\n\n<ul class=\"wp-block-list o-generic-links\"><li><a href=\"https:\/\/egap.org\/wp-content\/uploads\/2021\/08\/egap-latam-hub-grant_research_proposal_espanol.docx\">Propuesta de investigaci\u00f3n<\/a><\/li><li><a href=\"https:\/\/egap.org\/wp-content\/uploads\/2021\/08\/egap-latam-hub-grant_budget_espanol.xlsx\">Presupuesto<\/a><\/li><li><a href=\"https:\/\/egap.org\/wp-content\/uploads\/2021\/08\/egap-latam-hub-grant_budget_justification_espanol.docx\">Justificaci\u00f3n de Presupuesto<\/a><\/li><li>CV actualizado<\/li><\/ul>\n\n\n\n<p class=\"o-generic-links\"><strong>Env\u00ede los documentos de solicitud completos (preferiblemente en ingl\u00e9s) a <\/strong><a href=\"mailto:egap_latam@uniandes.edu.co\"><strong>egap_latam@uniandes.edu.co<\/strong><\/a><strong> antes del cierre de la convocatoria: 5:00 pm hora del Pac\u00edfico de EE. UU., <strong>domingo, octubre 31, 2021<\/strong><\/strong>.<\/p>\n\n\n\n<p class=\"o-generic-links\">Adicionalmente, los Investigadores Principales que deseen realizar una investigaci\u00f3n financiada por EGAP durante la pandemia de COVID-19 deben diligenciar un formulario describiendo la naturaleza de la investigaci\u00f3n, as\u00ed como tambi\u00e9n los protocolos de bioseguridad que se implementar\u00e1n, identificando el personal clave requerido para respaldarla. Si desea enviar el formulario junto con su solicitud, los invitamos a hacerlo, pueden encontrarlo&nbsp;<a rel=\"noreferrer noopener\" target=\"_blank\" href=\"https:\/\/egap.org\/wp-content\/uploads\/2021\/08\/egap-research-request-form.docx\">disponible aqu\u00ed<\/a>.<\/p>\n\n\n\n<hr class=\"wp-block-separator\"\/>\n\n\n<\/div>\n\n\n<\/section>\n\n\n<section class=\"c-section__columns\">\n  \n\n<div class=\"wp-block-column is-layout-flow wp-block-column-is-layout-flow\"><div class=\"o-anchor\" aria-hidden=\"true\">\n  <div class=\"o-anchor__link\" id=\"projects\"><\/div>\n<\/div>\n\n<h4 class=\"wp-block-heading\" >Proyectos<\/h4>\n<\/div>\n\n\n\n<div class=\"wp-block-column is-layout-flow wp-block-column-is-layout-flow\"><section class=\"c-related-projects no-items\">\n  <nav class=\"c-related-projects__items\">\n      <\/nav>\n<\/section>\n\n\n<\/div>\n\n\n<\/section>\n\n\n<section class=\"c-section__columns\">\n  \n\n<div class=\"wp-block-column is-layout-flow wp-block-column-is-layout-flow\"><\/div>\n\n\n\n<div class=\"wp-block-column is-layout-flow wp-block-column-is-layout-flow\"><\/div>\n\n\n<\/section>\n\n\n<\/section>\n","protected":false},"excerpt":{"rendered":"","protected":false},"author":3,"featured_media":0,"parent":0,"menu_order":0,"comment_status":"closed","ping_status":"closed","template":"","meta":{"_acf_changed":false,"footnotes":""},"class_list":["post-11891","page","type-page","status-publish","hentry"],"acf":[],"_links":{"self":[{"href":"https:\/\/egap.org\/es\/wp-json\/wp\/v2\/pages\/11891","targetHints":{"allow":["GET"]}}],"collection":[{"href":"https:\/\/egap.org\/es\/wp-json\/wp\/v2\/pages"}],"about":[{"href":"https:\/\/egap.org\/es\/wp-json\/wp\/v2\/types\/page"}],"author":[{"embeddable":true,"href":"https:\/\/egap.org\/es\/wp-json\/wp\/v2\/users\/3"}],"replies":[{"embeddable":true,"href":"https:\/\/egap.org\/es\/wp-json\/wp\/v2\/comments?post=11891"}],"version-history":[{"count":6,"href":"https:\/\/egap.org\/es\/wp-json\/wp\/v2\/pages\/11891\/revisions"}],"predecessor-version":[{"id":12998,"href":"https:\/\/egap.org\/es\/wp-json\/wp\/v2\/pages\/11891\/revisions\/12998"}],"wp:attachment":[{"href":"https:\/\/egap.org\/es\/wp-json\/wp\/v2\/media?parent=11891"}],"curies":[{"name":"wp","href":"https:\/\/api.w.org\/{rel}","templated":true}]}}