{"id":11596,"date":"2021-08-10T08:27:58","date_gmt":"2021-08-10T15:27:58","guid":{"rendered":"https:\/\/egap.org\/?page_id=11596"},"modified":"2025-04-07T13:59:32","modified_gmt":"2025-04-07T20:59:32","slug":"fondo-de-pequenas-subvenciones-para-temas-prioritarios","status":"publish","type":"page","link":"https:\/\/egap.org\/es\/fondo-de-pequenas-subvenciones-para-temas-prioritarios\/","title":{"rendered":"Fondo de Peque\u00f1as Subvenciones para Temas Prioritarios"},"content":{"rendered":"<section class=\"c-section o-wrapper-padding\">\n  \n<section class=\"c-section__column\">\n  \n<nav class=\"c-breadcrumbs u-fsz-smallest u-c-gray-dark\">\n  <\/nav>\n\n\n\n\n\n<\/section>\n\n\n<section class=\"c-section__columns\">\n  \n\n<div class=\"wp-block-column is-layout-flow wp-block-column-is-layout-flow\"><h1 class=\"c-page-title is-style-smaller o-h2\">\n  Fondo de Peque\u00f1as Subvenciones para Temas Prioritarios\n<\/h1>\n\n\n\n<p class=\"o-generic-links\"><a href=\"https:\/\/egap.org\/our-work-0\/research-grants\/priority-theme-small-grants-fund\/\" target=\"_blank\" rel=\"noreferrer noopener\">In English<\/a><\/p>\n<\/div>\n\n\n\n<div class=\"wp-block-column is-vertically-aligned-bottom is-layout-flow wp-block-column-is-layout-flow\">\n<div style=\"height:20px\" aria-hidden=\"true\" class=\"wp-block-spacer has-hide-on-xlarge has-hide-on-small\"><\/div>\n\n\n<div class=\"c-submenu u-no-scroll-bar  has-hide-on-small\">\n  <div class=\"c-submenu__items\">\n    \n<a class=\"c-submenu__item\" href=\"#overview\" target=\"\" rel=\"\">\n  Descripci\u00f3n General\n<\/a>\n\n\n<a class=\"c-submenu__item\" href=\"#projects\" target=\"\" rel=\"\">\n  Proyectos\n<\/a>\n\n\n\n\n  <\/div>\n<\/div>\n\n\n<\/div>\n\n\n<\/section>\n\n\n<section class=\"c-section__column\">\n  \n\n<div style=\"height:60px\" aria-hidden=\"true\" class=\"wp-block-spacer\"><\/div>\n\n\n\n\n<\/section>\n\n\n<section class=\"c-section__columns\">\n  \n\n<div class=\"wp-block-column is-layout-flow wp-block-column-is-layout-flow\"><div class=\"o-anchor\" aria-hidden=\"true\">\n  <div class=\"o-anchor__link\" id=\"overview\"><\/div>\n<\/div>\n\n<h4 class=\"wp-block-heading\" >Descripci\u00f3n General<\/h4>\n\n\n<div class=\"c-submenu u-no-scroll-bar is-style-vertical o-generic-links\">\n  <div class=\"c-submenu__items\">\n    \n\n\n  <\/div>\n<\/div>\n\n\n<\/div>\n\n\n\n<div class=\"wp-block-column is-layout-flow wp-block-column-is-layout-flow\">\n<p class=\"o-generic-links\">La red global Evidence in Governance and Politics (EGAP) solicita propuestas para estudios de campo cuantitativos sobre uno de los siguientes temas prioritarios: (1) violencia urbana y vigilancia policial, (2) justicia clim\u00e1tica o (3) polarizaci\u00f3n y democracia. Se espera financiar 6 propuestas, de hasta USD 15,000 cada una, para equipos dirigidos por Investigadores Principales del Sur Global. Se espera otorgar dos subvenciones para investigaciones que se ajusten a cada uno de los 3 temas mencionados anteriormente. Un punto clave de este fondo es que busca financiar investigaci\u00f3n cuantitativa (por ejemplo: encuestas, experimentos o an\u00e1lisis de gran N de datos administrativos) en el Sur Global que conduzcan a comprensi\u00f3n acumulada de innovaciones en gobernanza para estas \u00e1reas de estudio. Se incentivan propuestas de investigaci\u00f3n formativa que luego puedan ser la base para futuros estudios colaborativos a mayor escala entre investigadores y organizaciones implementadoras, tales como: ONG, organizaciones de la sociedad civil o entidades gubernamentales.<\/p>\n\n\n\n<p class=\"o-generic-links\"><strong><strong>Subvenci\u00f3n y elegibilidad<\/strong><\/strong><\/p>\n\n\n\n<ul class=\"wp-block-list o-generic-links\"><li>EGAP seleccionar\u00e1 un m\u00e1ximo de 6 propuestas y otorgar\u00e1 una subvenci\u00f3n de hasta USD 15,000 a cada una (2 seleccionados por tema).<\/li><li>Hasta USD 15,000 para las personas que cumplan con los criterios de elegibilidad indicados en estos t\u00e9rminos de referencia y que actualmente est\u00e9n inscritos en un programa de doctorado o cuenten con un doctorado y\/o tienen experiencia previa en proyectos de investigaci\u00f3n con niveles similares de financiamiento (resalte la experiencia relevante en su CV). Tenga en cuenta que las propuestas con presupuestos inferiores a USD $ 15.000 ser\u00e1n consideradas favorablemente, con la posibilidad de otorgar recursos adicionales seg\u00fan la disponibilidad.<\/li><li>Hasta USD 5,000 para personas que cumplan con los criterios de elegibilidad indicados en estos t\u00e9rminos de referencia y que hayan completado una maestr\u00eda, pero que actualmente no est\u00e1n inscritos en un programa de doctorado o cuentan con un doctorado y tengan una experiencia previa limitada liderando proyectos de investigaci\u00f3n.<\/li><li>Hasta USD 2,000 para personas que cumplan con los criterios de elegibilidad indicados en estos t\u00e9rminos de referencia y que actualmente est\u00e9n cursando una maestr\u00eda.<\/li><li>Los recursos de la subvenci\u00f3n se pueden utilizar para financiar el tiempo, vi\u00e1ticos, gastos de desplazamiento y alojamiento de los investigadores, asistencia en investigaci\u00f3n, encuestas telef\u00f3nicas, compra o almacenamiento de datos y otros gastos razonables de investigaci\u00f3n de campo.<\/li><li>La elegibilidad es para acad\u00e9micos del Sur Global. Esto se refiere a las personas que (a) actualmente tienen un doctorado y est\u00e1n vinculadas a una universidad o instituto de investigaci\u00f3n en el Sur Global; (b) actualmente cursan estudios de doctorado en una universidad o instituto de investigaci\u00f3n en el Sur Global, (c) realizaron su pregrado o posgrado en una universidad del Sur Global y actualmente son estudiantes de doctorado o postdoctorado o docentes en otro lugar, o (d) actualmente ense\u00f1an en una universidad o instituto de investigaci\u00f3n del Sur Global y recibieron su doctorado hace no m\u00e1s de cinco a\u00f1os.<\/li><li>Tenga en cuenta que todos los materiales de la solicitude deben enviarse en ingl\u00e9s.<\/li><\/ul>\n\n\n<div class=\"c-buttons\">\n  \n<a class=\"c-buttons__item o-btn\" href=\"https:\/\/egap.org\/wp-content\/uploads\/2021\/07\/2021-priority-theme-grants-rfp.pdf\" target=\"_blank\" rel=\"noreferrer noopener\">\n  Ver T\u00e9rminos de Referencia (en ingl\u00e9s)\n<\/a>\n\n\n<a class=\"c-buttons__item o-btn\" href=\"https:\/\/egap.org\/wp-content\/uploads\/2021\/08\/ptsgf-rfp-espanol.pdf\" target=\"_blank\" rel=\"noreferrer noopener\">\n  Ver Terminos de Referencia (en espa\u00f1ol)\n<\/a>\n\n\n<\/div>\n\n\n\n<p class=\"o-generic-links\"><strong>Directrices de env\u00edo<\/strong><\/p>\n\n\n\n<p class=\"o-generic-links\">Los solicitantes interesados deben diligenciar y enviar los siguientes documentos (en ingl\u00e9s):<\/p>\n\n\n\n<ul class=\"wp-block-list o-generic-links\"><li><a rel=\"noreferrer noopener\" href=\"https:\/\/egap.org\/wp-content\/uploads\/2021\/07\/priority_theme_research_grants_proposal_template.docx\" target=\"_blank\"><span class=\"has-inline-color has-blue-darker-color\"><span style=\"text-decoration: underline;\">Plantilla de presentaci\u00f3n de la propuesta<\/span><\/span><\/a><\/li><li><span class=\"has-inline-color has-blue-darker-color\"><span style=\"text-decoration: underline;\"><a rel=\"noreferrer noopener\" href=\"https:\/\/egap.org\/wp-content\/uploads\/2021\/07\/egap-priority-theme-grant-budget-template.xlsx\" target=\"_blank\">Plantilla de presupuesto<\/a>\u200b<\/span><\/span> y <a rel=\"noreferrer noopener\" href=\"https:\/\/egap.org\/wp-content\/uploads\/2021\/07\/egap_budget_proposal_narrative.docx\" target=\"_blank\"><span class=\"has-inline-color has-blue-darker-color\">\u200b<span style=\"text-decoration: underline;\">Plantilla narrativa de presupuesto<\/span><\/span><\/a><\/li><li>CV actual<\/li><\/ul>\n\n\n\n<p class=\"o-generic-links\">Env\u00ede los documentos de solicitud completos (en ingl\u00e9s) a: <a href=\"mailto:admin@egap.org\">admin@egap.org<\/a> antes del cierre de la convocatoria: martes 14 de septiembre de 2021 a las 5:00 p.m., hora del Pac\u00edfico de EE. UU.<\/p>\n\n\n\n<hr class=\"wp-block-separator\"\/>\n\n\n<\/div>\n\n\n<\/section>\n\n\n<section class=\"c-section__columns\">\n  \n\n<div class=\"wp-block-column is-layout-flow wp-block-column-is-layout-flow\"><div class=\"o-anchor\" aria-hidden=\"true\">\n  <div class=\"o-anchor__link\" id=\"projects\"><\/div>\n<\/div>\n\n<h4 class=\"wp-block-heading\" >Proyectos<\/h4>\n<\/div>\n\n\n\n<div class=\"wp-block-column is-layout-flow wp-block-column-is-layout-flow\"><section class=\"c-related-projects no-items\">\n  <nav class=\"c-related-projects__items\">\n      <\/nav>\n<\/section>\n\n\n<\/div>\n\n\n<\/section>\n\n\n<section class=\"c-section__columns\">\n  \n\n<div class=\"wp-block-column is-layout-flow wp-block-column-is-layout-flow\"><\/div>\n\n\n\n<div class=\"wp-block-column is-layout-flow wp-block-column-is-layout-flow\"><\/div>\n\n\n<\/section>\n\n\n<\/section>\n","protected":false},"excerpt":{"rendered":"","protected":false},"author":2,"featured_media":0,"parent":0,"menu_order":0,"comment_status":"closed","ping_status":"closed","template":"","meta":{"_acf_changed":false,"footnotes":""},"class_list":["post-11596","page","type-page","status-publish","hentry"],"acf":[],"_links":{"self":[{"href":"https:\/\/egap.org\/es\/wp-json\/wp\/v2\/pages\/11596","targetHints":{"allow":["GET"]}}],"collection":[{"href":"https:\/\/egap.org\/es\/wp-json\/wp\/v2\/pages"}],"about":[{"href":"https:\/\/egap.org\/es\/wp-json\/wp\/v2\/types\/page"}],"author":[{"embeddable":true,"href":"https:\/\/egap.org\/es\/wp-json\/wp\/v2\/users\/2"}],"replies":[{"embeddable":true,"href":"https:\/\/egap.org\/es\/wp-json\/wp\/v2\/comments?post=11596"}],"version-history":[{"count":3,"href":"https:\/\/egap.org\/es\/wp-json\/wp\/v2\/pages\/11596\/revisions"}],"predecessor-version":[{"id":11793,"href":"https:\/\/egap.org\/es\/wp-json\/wp\/v2\/pages\/11596\/revisions\/11793"}],"wp:attachment":[{"href":"https:\/\/egap.org\/es\/wp-json\/wp\/v2\/media?parent=11596"}],"curies":[{"name":"wp","href":"https:\/\/api.w.org\/{rel}","templated":true}]}}